{"id":24,"date":"2026-02-04T11:01:20","date_gmt":"2026-02-04T11:01:20","guid":{"rendered":"https:\/\/javiertorres.fpcei.eu\/?page_id=24"},"modified":"2026-03-01T11:40:02","modified_gmt":"2026-03-01T11:40:02","slug":"discografia","status":"publish","type":"page","link":"https:\/\/javiertorres.fpcei.eu\/?page_id=24","title":{"rendered":"Discograf\u00eda"},"content":{"rendered":"\n<p class=\"has-base-color has-accent-6-background-color has-text-color has-background has-link-color wp-elements-2d2a80706ca5d2d82e7b85184907c8e0\"><strong><mark style=\"background-color:rgba(0, 0, 0, 0)\" class=\"has-inline-color has-contrast-color\">Desde su presentaci\u00f3n al panorama musical con <em>SLK Remix<\/em>, junto a <em>Diego 900<\/em> y <em>MIKI, CMar\u00ed<\/em> ha tenido hasta ahora una activa y fructuosa vida profesional dentro de la escena del <em>underground <\/em>espa\u00f1ol.<\/mark><\/strong><\/p>\n\n\n\n<p class=\"has-base-color has-accent-6-background-color has-text-color has-background has-link-color wp-elements-aa12e1af7723765b838c88c85d585ace\"><strong><mark style=\"background-color:rgba(0, 0, 0, 0)\" class=\"has-inline-color has-contrast-color\">A\u00fan as\u00ed, no fue hasta 2022 que sac\u00f3 su primer tema en solitario, <em>Sin Miedo<\/em>.<\/mark><\/strong><\/p>\n\n\n\n<figure class=\"wp-block-image size-large\"><img loading=\"lazy\" decoding=\"async\" width=\"1024\" height=\"576\" src=\"https:\/\/javiertorres.fpcei.eu\/wp-content\/uploads\/2026\/02\/sinmiedp-1024x576.jpg\" alt=\"\" class=\"wp-image-63\" srcset=\"https:\/\/javiertorres.fpcei.eu\/wp-content\/uploads\/2026\/02\/sinmiedp-1024x576.jpg 1024w, https:\/\/javiertorres.fpcei.eu\/wp-content\/uploads\/2026\/02\/sinmiedp-300x169.jpg 300w, https:\/\/javiertorres.fpcei.eu\/wp-content\/uploads\/2026\/02\/sinmiedp-768x432.jpg 768w, https:\/\/javiertorres.fpcei.eu\/wp-content\/uploads\/2026\/02\/sinmiedp.jpg 1280w\" sizes=\"auto, (max-width: 1024px) 100vw, 1024px\" \/><\/figure>\n\n\n\n<p class=\"has-base-color has-accent-6-background-color has-text-color has-background has-link-color wp-elements-7bc1c06e533fcc2f85b395f036c9796a\"><mark style=\"background-color:rgba(0, 0, 0, 0)\" class=\"has-inline-color has-contrast-color\"><strong>Desde entonces, <em>CMar\u00ed <\/em>ha sacado un total de 15 sencillos, entre los que se encuentran canciones de gran importancia en su carrera, como <em>Tu Forma de Amar, Par\u00eds-Beauvais<\/em>,o <em>Tan Lines<\/em> y <em>Qtalhoy<\/em>, estando estas dos \u00faltimas incluidas posteriormente en su disco <em>Sempre Cor<\/em>.<\/strong><\/mark><\/p>\n\n\n\n<p class=\"has-base-color has-accent-6-background-color has-text-color has-background has-link-color wp-elements-f957812d41ee4d1abe60103ce6c333a8\"><mark style=\"background-color:rgba(0, 0, 0, 0)\" class=\"has-inline-color has-contrast-color\"><strong>En cuanto a otros proyectos de mayor peso, destacamos su primer EP, el cual lanz\u00f3 junto a <em>Raul Clyde<\/em> en 2023. Este se titula <em>Mean Girls<\/em> y est\u00e1 formado por 3 canciones: <em>Jueves de Galer\u00eda, Enigma y Cuando Perreamos<\/em>. En este EP ambos reflejan extremadamente bien su influencia por el reggaet\u00f3n, y dejan claro que el futuro de este g\u00e9nero en nuestro pa\u00eds est\u00e1 en sus manos.<\/strong><\/mark><\/p>\n\n\n\n<figure class=\"wp-block-image size-full\"><img loading=\"lazy\" decoding=\"async\" width=\"630\" height=\"630\" src=\"https:\/\/javiertorres.fpcei.eu\/wp-content\/uploads\/2026\/02\/mean-girls-1.jpg\" alt=\"\" class=\"wp-image-75\" srcset=\"https:\/\/javiertorres.fpcei.eu\/wp-content\/uploads\/2026\/02\/mean-girls-1.jpg 630w, https:\/\/javiertorres.fpcei.eu\/wp-content\/uploads\/2026\/02\/mean-girls-1-300x300.jpg 300w, https:\/\/javiertorres.fpcei.eu\/wp-content\/uploads\/2026\/02\/mean-girls-1-150x150.jpg 150w\" sizes=\"auto, (max-width: 630px) 100vw, 630px\" \/><figcaption class=\"wp-element-caption\">Portada <em>Mean Girls<\/em><\/figcaption><\/figure>\n\n\n\n<div class=\"wp-block-group has-global-padding is-layout-constrained wp-block-group-is-layout-constrained\">\n<p class=\"has-base-color has-accent-6-background-color has-text-color has-background has-link-color wp-elements-1321ad2124bc09cbddd97afbfdc7ddbd\"><strong><mark style=\"background-color:rgba(0, 0, 0, 0)\" class=\"has-inline-color has-contrast-color\">Adem\u00e1s de este, <em>CMar\u00ed <\/em>continu\u00f3 sacando nuevos proyectos menores, produciendo hasta 3 nuevos EPs hasta la fecha: <\/mark><\/strong><\/p>\n\n\n\n<p class=\"has-base-color has-accent-6-background-color has-text-color has-background has-link-color wp-elements-8c446050748973d49818a19a1f9104c1\">&#8211; <mark style=\"background-color:rgba(0, 0, 0, 0)\" class=\"has-inline-color has-contrast-color\"><em>Vacaciones en Septiembre<\/em> (2023) &#8211; <em>Dos D\u00edas, 49v2, esloquehay, Tu Forma de Amar, En Otro Lugar <\/em>y<em> Giannis<\/em>.<\/mark><\/p>\n\n\n\n<p class=\"has-base-color has-accent-6-background-color has-text-color has-background has-link-color wp-elements-d18fc70bc9352aa180f7606be9a92d8c\">&#8211; <mark style=\"background-color:rgba(0, 0, 0, 0)\" class=\"has-inline-color has-contrast-color\"><em>Darkside<\/em> (2024) &#8211; <em>Par\u00eds-Beauvais, KB9, 2024, Tres Sueldos, No Valgo <\/em>y<em> No Tesla<\/em>.<\/mark><\/p>\n\n\n\n<p class=\"has-base-color has-accent-6-background-color has-text-color has-background has-link-color wp-elements-98277c94ead07dec1e9e61c8dc7be008\">&#8211; <mark style=\"background-color:rgba(0, 0, 0, 0)\" class=\"has-inline-color has-contrast-color\"><em>Latin Lover Songs the Mixtape<\/em> (2025) &#8211; <em>Triple B, Clean Look, &#8230;porque yo te am\u00e9, Borrachita,  Gafas Carrera, No me voy, Criminal <\/em>y <em>Dime qu\u00e9 le pas\u00f3.<\/em><\/mark><\/p>\n<\/div>\n\n\n<div class=\"n2-section-smartslider fitvidsignore  n2_clear\" data-ssid=\"3\"><div id=\"n2-ss-3-align\" class=\"n2-ss-align\"><div class=\"n2-padding\"><div id=\"n2-ss-3\" data-creator=\"Smart Slider 3\" data-responsive=\"auto\" class=\"n2-ss-slider n2-ow n2-has-hover n2notransition  \"><div class=\"n2-ss-slider-wrapper-inside\">\n        <div class=\"n2-ss-slider-1 n2_ss__touch_element n2-ow\">\n            <div class=\"n2-ss-slider-2 n2-ow\">\n                                                <div class=\"n2-ss-slider-3 n2-ow\">\n\n                    <div class=\"n2-ss-slide-backgrounds n2-ow-all\"><div class=\"n2-ss-slide-background\" data-public-id=\"1\" data-mode=\"fill\"><div class=\"n2-ss-slide-background-image\" data-blur=\"0\" data-opacity=\"100\" data-x=\"50\" data-y=\"50\" data-alt=\"\" data-title=\"\"><picture class=\"skip-lazy\" data-skip-lazy=\"1\"><img decoding=\"async\" src=\"\/\/javiertorres.fpcei.eu\/wp-content\/uploads\/2026\/02\/ves.jpg\" alt=\"\" title=\"\" loading=\"lazy\" class=\"skip-lazy\" data-skip-lazy=\"1\"><\/picture><\/div><div data-color=\"RGBA(255,255,255,0)\" style=\"background-color: RGBA(255,255,255,0);\" class=\"n2-ss-slide-background-color\"><\/div><\/div><div class=\"n2-ss-slide-background\" data-public-id=\"2\" data-mode=\"fill\" aria-hidden=\"true\"><div class=\"n2-ss-slide-background-image\" data-blur=\"0\" data-opacity=\"100\" data-x=\"50\" data-y=\"50\" data-alt=\"\" data-title=\"\"><picture class=\"skip-lazy\" data-skip-lazy=\"1\"><img decoding=\"async\" src=\"\/\/javiertorres.fpcei.eu\/wp-content\/uploads\/2026\/02\/drksd.jpg\" alt=\"\" title=\"\" loading=\"lazy\" class=\"skip-lazy\" data-skip-lazy=\"1\"><\/picture><\/div><div data-color=\"RGBA(255,255,255,0)\" style=\"background-color: RGBA(255,255,255,0);\" class=\"n2-ss-slide-background-color\"><\/div><\/div><div class=\"n2-ss-slide-background\" data-public-id=\"3\" data-mode=\"fill\" aria-hidden=\"true\"><div class=\"n2-ss-slide-background-image\" data-blur=\"0\" data-opacity=\"100\" data-x=\"50\" data-y=\"50\" data-alt=\"\" data-title=\"\"><picture class=\"skip-lazy\" data-skip-lazy=\"1\"><img decoding=\"async\" src=\"\/\/javiertorres.fpcei.eu\/wp-content\/uploads\/2026\/01\/fondo3.jpg\" alt=\"\" title=\"\" loading=\"lazy\" class=\"skip-lazy\" data-skip-lazy=\"1\"><\/picture><\/div><div data-color=\"RGBA(255,255,255,0)\" style=\"background-color: RGBA(255,255,255,0);\" class=\"n2-ss-slide-background-color\"><\/div><\/div><\/div>                    <div class=\"n2-ss-slider-4 n2-ow\">\n                        <svg xmlns=\"http:\/\/www.w3.org\/2000\/svg\" viewBox=\"0 0 1200 600\" data-related-device=\"desktopPortrait\" class=\"n2-ow n2-ss-preserve-size n2-ss-preserve-size--slider n2-ss-slide-limiter\"><\/svg><div data-first=\"1\" data-slide-duration=\"0\" data-id=\"8\" data-slide-public-id=\"1\" data-title=\"ves\" class=\"n2-ss-slide n2-ow  n2-ss-slide-8\"><div role=\"note\" class=\"n2-ss-slide--focus\" tabindex=\"-1\">ves<\/div><div class=\"n2-ss-layers-container n2-ss-slide-limiter n2-ow\"><div class=\"n2-ss-layer n2-ow n-uc-3VnZDAHZuDvH\" data-sstype=\"slide\" data-pm=\"default\"><\/div><\/div><\/div><div data-slide-duration=\"0\" data-id=\"9\" data-slide-public-id=\"2\" aria-hidden=\"true\" data-title=\"drksd\" class=\"n2-ss-slide n2-ow  n2-ss-slide-9\"><div role=\"note\" class=\"n2-ss-slide--focus\" tabindex=\"-1\">drksd<\/div><div class=\"n2-ss-layers-container n2-ss-slide-limiter n2-ow\"><div class=\"n2-ss-layer n2-ow n-uc-ip0IUZ7mWrAE\" data-sstype=\"slide\" data-pm=\"default\"><\/div><\/div><\/div><div data-slide-duration=\"0\" data-id=\"7\" data-slide-public-id=\"3\" aria-hidden=\"true\" data-title=\"fondo3\" class=\"n2-ss-slide n2-ow  n2-ss-slide-7\"><div role=\"note\" class=\"n2-ss-slide--focus\" tabindex=\"-1\">fondo3<\/div><div class=\"n2-ss-layers-container n2-ss-slide-limiter n2-ow\"><div class=\"n2-ss-layer n2-ow n-uc-6pIrzHe0Rb2N\" data-sstype=\"slide\" data-pm=\"default\"><\/div><\/div><\/div>                    <\/div>\n\n                                    <\/div>\n            <\/div>\n        <\/div>\n        <div class=\"n2-ss-slider-controls n2-ss-slider-controls-absolute-left-center\"><div style=\"--widget-offset:15px;\" class=\"n2-ss-widget nextend-arrow n2-ow-all nextend-arrow-previous  nextend-arrow-animated-fade\" data-hide-mobileportrait=\"1\" id=\"n2-ss-3-arrow-previous\" role=\"button\" aria-label=\"previous arrow\" tabindex=\"0\"><img loading=\"lazy\" decoding=\"async\" width=\"32\" height=\"32\" class=\"skip-lazy\" data-skip-lazy=\"1\" src=\"data:image\/svg+xml;base64,PHN2ZyB3aWR0aD0iMzIiIGhlaWdodD0iMzIiIHZpZXdCb3g9IjAgMCAzMiAzMiIgeG1sbnM9Imh0dHA6Ly93d3cudzMub3JnLzIwMDAvc3ZnIj4KICAgIDxwYXRoIGQ9Ik0xMS40MzMgMTUuOTkyTDIyLjY5IDUuNzEyYy4zOTMtLjM5LjM5My0xLjAzIDAtMS40Mi0uMzkzLS4zOS0xLjAzLS4zOS0xLjQyMyAwbC0xMS45OCAxMC45NGMtLjIxLjIxLS4zLjQ5LS4yODUuNzYtLjAxNS4yOC4wNzUuNTYuMjg0Ljc3bDExLjk4IDEwLjk0Yy4zOTMuMzkgMS4wMy4zOSAxLjQyNCAwIC4zOTMtLjQuMzkzLTEuMDMgMC0xLjQybC0xMS4yNTctMTAuMjkiCiAgICAgICAgICBmaWxsPSIjZmZmZmZmIiBvcGFjaXR5PSIwLjgiIGZpbGwtcnVsZT0iZXZlbm9kZCIvPgo8L3N2Zz4=\" alt=\"previous arrow\"><\/div><\/div><div class=\"n2-ss-slider-controls n2-ss-slider-controls-absolute-right-center\"><div style=\"--widget-offset:15px;\" class=\"n2-ss-widget nextend-arrow n2-ow-all nextend-arrow-next  nextend-arrow-animated-fade\" data-hide-mobileportrait=\"1\" id=\"n2-ss-3-arrow-next\" role=\"button\" aria-label=\"next arrow\" tabindex=\"0\"><img loading=\"lazy\" decoding=\"async\" width=\"32\" height=\"32\" class=\"skip-lazy\" data-skip-lazy=\"1\" src=\"data:image\/svg+xml;base64,PHN2ZyB3aWR0aD0iMzIiIGhlaWdodD0iMzIiIHZpZXdCb3g9IjAgMCAzMiAzMiIgeG1sbnM9Imh0dHA6Ly93d3cudzMub3JnLzIwMDAvc3ZnIj4KICAgIDxwYXRoIGQ9Ik0xMC43MjIgNC4yOTNjLS4zOTQtLjM5LTEuMDMyLS4zOS0xLjQyNyAwLS4zOTMuMzktLjM5MyAxLjAzIDAgMS40MmwxMS4yODMgMTAuMjgtMTEuMjgzIDEwLjI5Yy0uMzkzLjM5LS4zOTMgMS4wMiAwIDEuNDIuMzk1LjM5IDEuMDMzLjM5IDEuNDI3IDBsMTIuMDA3LTEwLjk0Yy4yMS0uMjEuMy0uNDkuMjg0LS43Ny4wMTQtLjI3LS4wNzYtLjU1LS4yODYtLjc2TDEwLjcyIDQuMjkzeiIKICAgICAgICAgIGZpbGw9IiNmZmZmZmYiIG9wYWNpdHk9IjAuOCIgZmlsbC1ydWxlPSJldmVub2RkIi8+Cjwvc3ZnPg==\" alt=\"next arrow\"><\/div><\/div><\/div><\/div><ss3-loader><\/ss3-loader><\/div><\/div><div class=\"n2_clear\"><\/div><\/div>\n\n\n<p class=\"has-base-color has-accent-6-background-color has-text-color has-background has-link-color wp-elements-c5ed2f14da2511cb2c7bd1928882d4a9\"><strong><mark style=\"background-color:rgba(0, 0, 0, 0)\" class=\"has-inline-color has-contrast-color\">No ser\u00eda hasta hasta 2024 que <em>CMar\u00ed<\/em> sacar\u00eda su primer gran proyecto, asentandose as\u00ed en el panorama musical espa\u00f1ol definitivamente con su \u00e1lbum debut, <em>Sempre Cor<\/em>. Este contiene un total de 14 canciones, teniendo 40 minutos de duraci\u00f3n. Entre estas encontramos canciones de gran importancia para la carrera de <em>CMar\u00ed<\/em>, tales como <em>Qtalhoy<\/em> o <em>Contacto (feat. John Poll\u00f5n)<\/em>, las cuales le caltapultaron a la fama; o I<em>ntro, DSPB <\/em>y<em> Mi Primera Cana<\/em>, las cuales expresan a la perfecci\u00f3n el lado m\u00e1s expresivo de Carlos y reflejan el concepto del proyecto claramente. A penas unos meses despu\u00e9s, ya en 2025, CMar\u00ed sacar\u00eda el deluxe de este gran \u00e9xito, incluyendo 6 canciones m\u00e1s, entre las que destacan canciones como <em>90% <\/em>o<em> Jugador<\/em>.<\/mark><\/strong><\/p>\n\n\n\n<p class=\"has-base-color has-accent-6-background-color has-text-color has-background has-link-color wp-elements-11b478e1080415058e96ab1d16c58c7a\"><strong><mark style=\"background-color:rgba(0, 0, 0, 0)\" class=\"has-inline-color has-contrast-color\">Con este \u00e1lbum <em>CMar\u00ed <\/em>intenta transmitir un mensaje de gran relevancia a d\u00eda de hoy y que muchas veces pasamos por alto, hacer las cosas de coraz\u00f3n. Porque en un mundo en el que en ciertas ocasiones la oscuridad y la penuria nos sobrepasan, nos recuerda que debemos seguir trabajando para seguir adelante, para alcanzar ese rayo de luz. Porque hay que hacerlo por los que nos odian, pero hay que hacerlo m\u00e1s fuerte por los que nos quieren, remarcando que, si no pone el coraz\u00f3n, no lo hace, y por eso, esto es <em>Sempre Cor<\/em>.<\/mark><\/strong><\/p>\n\n\n\n<figure class=\"wp-block-image size-large\"><img loading=\"lazy\" decoding=\"async\" width=\"1024\" height=\"1024\" src=\"https:\/\/javiertorres.fpcei.eu\/wp-content\/uploads\/2026\/02\/semprecor-1024x1024.jpg\" alt=\"\" class=\"wp-image-85\" srcset=\"https:\/\/javiertorres.fpcei.eu\/wp-content\/uploads\/2026\/02\/semprecor-1024x1024.jpg 1024w, https:\/\/javiertorres.fpcei.eu\/wp-content\/uploads\/2026\/02\/semprecor-300x300.jpg 300w, https:\/\/javiertorres.fpcei.eu\/wp-content\/uploads\/2026\/02\/semprecor-150x150.jpg 150w, https:\/\/javiertorres.fpcei.eu\/wp-content\/uploads\/2026\/02\/semprecor-768x768.jpg 768w, https:\/\/javiertorres.fpcei.eu\/wp-content\/uploads\/2026\/02\/semprecor.jpg 1200w\" sizes=\"auto, (max-width: 1024px) 100vw, 1024px\" \/><\/figure>\n\n\n\n<p class=\"has-base-color has-accent-6-background-color has-text-color has-background has-link-color wp-elements-93d9501578a5f378d24fca9fcbf2e4d4\"><strong><mark style=\"background-color:rgba(0, 0, 0, 0)\" class=\"has-inline-color has-contrast-color\">En total, CMar\u00ed tiene 58 canciones, 4 EPs y 1 \u00e1lbum \u00a1y contando!<\/mark><\/strong><\/p>\n\n\n\n<p><\/p>\n","protected":false},"excerpt":{"rendered":"<p>Desde su presentaci\u00f3n al panorama musical con SLK Remix, junto a Diego 900 y MIKI, CMar\u00ed ha tenido hasta ahora una activa y fructuosa vida profesional dentro de la escena del underground espa\u00f1ol. A\u00fan as\u00ed, no fue hasta 2022 que sac\u00f3 su primer tema en solitario, Sin Miedo. Desde entonces, CMar\u00ed ha sacado un total [&hellip;]<\/p>\n","protected":false},"author":2,"featured_media":0,"parent":0,"menu_order":0,"comment_status":"closed","ping_status":"closed","template":"","meta":{"footnotes":""},"class_list":["post-24","page","type-page","status-publish","hentry"],"_links":{"self":[{"href":"https:\/\/javiertorres.fpcei.eu\/index.php?rest_route=\/wp\/v2\/pages\/24","targetHints":{"allow":["GET"]}}],"collection":[{"href":"https:\/\/javiertorres.fpcei.eu\/index.php?rest_route=\/wp\/v2\/pages"}],"about":[{"href":"https:\/\/javiertorres.fpcei.eu\/index.php?rest_route=\/wp\/v2\/types\/page"}],"author":[{"embeddable":true,"href":"https:\/\/javiertorres.fpcei.eu\/index.php?rest_route=\/wp\/v2\/users\/2"}],"replies":[{"embeddable":true,"href":"https:\/\/javiertorres.fpcei.eu\/index.php?rest_route=%2Fwp%2Fv2%2Fcomments&post=24"}],"version-history":[{"count":11,"href":"https:\/\/javiertorres.fpcei.eu\/index.php?rest_route=\/wp\/v2\/pages\/24\/revisions"}],"predecessor-version":[{"id":108,"href":"https:\/\/javiertorres.fpcei.eu\/index.php?rest_route=\/wp\/v2\/pages\/24\/revisions\/108"}],"wp:attachment":[{"href":"https:\/\/javiertorres.fpcei.eu\/index.php?rest_route=%2Fwp%2Fv2%2Fmedia&parent=24"}],"curies":[{"name":"wp","href":"https:\/\/api.w.org\/{rel}","templated":true}]}}