{"id":21,"date":"2026-01-28T09:50:01","date_gmt":"2026-01-28T09:50:01","guid":{"rendered":"https:\/\/javiertorres.fpcei.eu\/?page_id=21"},"modified":"2026-03-01T11:31:43","modified_gmt":"2026-03-01T11:31:43","slug":"biografia","status":"publish","type":"page","link":"https:\/\/javiertorres.fpcei.eu\/?page_id=21","title":{"rendered":"Biograf\u00eda"},"content":{"rendered":"\n<p class=\"has-base-color has-accent-6-background-color has-text-color has-background has-link-color wp-elements-5fe8feaa5e7b0c0e4184513e611b2590\"><strong><mark style=\"background-color:rgba(0, 0, 0, 0)\" class=\"has-inline-color has-contrast-color\">Carlos Mar\u00ed Cervera, m\u00e1s conocido como <em>CMar\u00ed <\/em>o <em>Charlie, <\/em>es un prometedor cantante valenciano, el cual se ha asentado este 2025 en el panorama musical del <em>underground<\/em> de nuestro pa\u00eds.<\/mark><\/strong><\/p>\n\n\n\n<p class=\"has-base-color has-accent-6-background-color has-text-color has-background\"><mark style=\"background-color:rgba(0, 0, 0, 0)\" class=\"has-inline-color has-contrast-color\"><strong>Naci\u00f3 en Meliana, Valencia, donde transcurri\u00f3 su infancia, y donde forj\u00f3 la amistad con Tuti, su amigo y compa\u00f1ero en <em>Los Xavales<\/em>.<\/strong><\/mark><\/p>\n\n\n\n<p class=\"has-base-color has-accent-6-background-color has-text-color has-background has-link-color wp-elements-5e1545c6ee96efb038dd987515a793aa\"><strong><mark style=\"background-color:rgba(0, 0, 0, 0)\" class=\"has-inline-color has-contrast-color\">Creci\u00f3 en una familia que foment\u00f3 su inter\u00e9s por la m\u00fasica. En diversas entrevistas, ha destacado que su padre fue una figura clave al regalarle su primer equipo de grabaci\u00f3n, lo que le permiti\u00f3 empezar a experimentar desde su propia habitaci\u00f3n. <\/mark><\/strong><\/p>\n\n\n\n<p class=\"has-base-color has-accent-6-background-color has-text-color has-background has-link-color wp-elements-4a1fc4d1448e975e185c2d2349aa18b5\"><strong><mark style=\"background-color:rgba(0, 0, 0, 0)\" class=\"has-inline-color has-contrast-color\">Durante su ni\u00f1ez y adolescencia, se nutr\u00edo de reggaet\u00f3n cl\u00e1sico, un g\u00e9nero que escuchaba constantemente y que m\u00e1s tarde definir\u00eda su estilo.<\/mark><\/strong><\/p>\n\n\n\n<p class=\"has-base-color has-accent-6-background-color has-text-color has-background has-link-color wp-elements-fbe12f7bccc7617bd7d67622265f0a32\"><strong><mark style=\"background-color:rgba(0, 0, 0, 0)\" class=\"has-inline-color has-contrast-color\">Pas\u00f3 gran parte de su adolescencia conectado con la cultura de internet, compartiendo m\u00fasica y opiniones por redes sociales con sus amigos, lo que eventualmente deriv\u00f3 en la creaci\u00f3n de sucanal de YouTube <em>Los Xavales<\/em>, en marzo de 2020.<\/mark><\/strong><\/p>\n\n\n\n<figure class=\"wp-block-image size-full\"><img loading=\"lazy\" decoding=\"async\" width=\"686\" height=\"386\" src=\"https:\/\/javiertorres.fpcei.eu\/wp-content\/uploads\/2026\/02\/tuti.jpg\" alt=\"\" class=\"wp-image-39\" srcset=\"https:\/\/javiertorres.fpcei.eu\/wp-content\/uploads\/2026\/02\/tuti.jpg 686w, https:\/\/javiertorres.fpcei.eu\/wp-content\/uploads\/2026\/02\/tuti-300x169.jpg 300w\" sizes=\"auto, (max-width: 686px) 100vw, 686px\" \/><\/figure>\n\n\n\n<p class=\"has-base-color has-accent-6-background-color has-text-color has-background\"><strong><mark style=\"background-color:rgba(0, 0, 0, 0)\" class=\"has-inline-color has-contrast-color\">La conexi\u00f3n con su pueblo es tan fuerte que m\u00e1s tarde, tanto Tuti como \u00e9l, organizar\u00edan all\u00ed el <em>Los Xavales Music Festival<\/em>.<\/mark><\/strong><\/p>\n\n\n\n<p class=\"has-base-color has-accent-6-background-color has-text-color has-background has-link-color wp-elements-17f49f87d1b8cbdeceae624c49015a94\"><strong><mark style=\"background-color:rgba(0, 0, 0, 0)\" class=\"has-inline-color has-contrast-color\"><em>CMar\u00ed<\/em> comenz\u00f3 su carrera musical a finales de 2020, con el lanzamiento de la canci\u00f3n <em>SLK Remix<\/em>, junto con <em>Diego 900<\/em> y <em>MIKI<\/em>, los cuales son tambi\u00e9n a d\u00eda de hoy referentes del panorama musical <em>underground<\/em> en Espa\u00f1a. <\/mark><\/strong><\/p>\n\n\n\n<p class=\"has-base-color has-accent-6-background-color has-text-color has-background has-link-color wp-elements-8b64062fdac696baa7b17370a5c068f1\"><strong><mark style=\"background-color:rgba(0, 0, 0, 0)\" class=\"has-inline-color has-contrast-color\">No llegar\u00eda su primer proyecto hasta 2023, cuando junto a <em>Raul Clyde<\/em> sacar\u00eda su primer EP, llamado <em>Mean Girls<\/em> y compuesto por 3 canciones.<\/mark><\/strong><\/p>\n\n\n\n<p class=\"has-base-color has-accent-6-background-color has-text-color has-background has-link-color wp-elements-3f44995a290d0f7ce6bb3a3c2fa7f07b\"><strong><mark style=\"background-color:rgba(0, 0, 0, 0)\" class=\"has-inline-color has-contrast-color\">Fue finalmente el 13 de diciembre de 2024 cuando lanzar\u00eda su primer alb\u00fam, <em>Sempre Cor<\/em>. Este es un proyecto con un concepto muy claro y definido, el cual describe perfectamente la m\u00fasica de <em>CMar\u00ed<\/em>. <em>Sempre Cor<\/em> fue todo un \u00e9xito entre los oyentes de m\u00fasica <em>underground<\/em>, e hizo que <em>CMar\u00ed<\/em> escalase puestos tanto en oyentes, como en fama, popularidad y estatus dentro del panorama musical espa\u00f1ol. Tan solo unos meses despu\u00e9s sacar\u00eda la versi\u00f3n <em>deluxe<\/em> de <em>Sempre Cor,<\/em> en la cual inclu\u00eda 6 nuevas canciones.<\/mark><\/strong><\/p>\n\n\n\n<figure class=\"wp-block-image size-large\"><img loading=\"lazy\" decoding=\"async\" width=\"1024\" height=\"1024\" src=\"https:\/\/javiertorres.fpcei.eu\/wp-content\/uploads\/2026\/02\/semprecordekuxe-1024x1024.jpg\" alt=\"\" class=\"wp-image-40\" srcset=\"https:\/\/javiertorres.fpcei.eu\/wp-content\/uploads\/2026\/02\/semprecordekuxe-1024x1024.jpg 1024w, https:\/\/javiertorres.fpcei.eu\/wp-content\/uploads\/2026\/02\/semprecordekuxe-300x300.jpg 300w, https:\/\/javiertorres.fpcei.eu\/wp-content\/uploads\/2026\/02\/semprecordekuxe-150x150.jpg 150w, https:\/\/javiertorres.fpcei.eu\/wp-content\/uploads\/2026\/02\/semprecordekuxe-768x768.jpg 768w, https:\/\/javiertorres.fpcei.eu\/wp-content\/uploads\/2026\/02\/semprecordekuxe.jpg 1200w\" sizes=\"auto, (max-width: 1024px) 100vw, 1024px\" \/><\/figure>\n\n\n\n<p class=\"has-base-color has-accent-6-background-color has-text-color has-background has-link-color wp-elements-b30eabf5219ee5a6cdc66cddcd48dde4\"><strong><mark style=\"background-color:rgba(0, 0, 0, 0)\" class=\"has-inline-color has-contrast-color\">A d\u00eda de hoy, <em>CMar\u00ed<\/em> ha seguido ganando popularidad y reconocimiento gracias a proyectos como su EP m\u00e1s reciente, <em>Latin Lover Songs<\/em>, con canciones como <em>Criminal<\/em>, las cuales han tenido una fuerte repercusi\u00f3n en redes sociales como <em>TikTok<\/em>.<\/mark><\/strong><\/p>\n\n\n\n<p><\/p>\n\n\n\n<p><\/p>\n","protected":false},"excerpt":{"rendered":"<p>Carlos Mar\u00ed Cervera, m\u00e1s conocido como CMar\u00ed o Charlie, es un prometedor cantante valenciano, el cual se ha asentado este 2025 en el panorama musical del underground de nuestro pa\u00eds. Naci\u00f3 en Meliana, Valencia, donde transcurri\u00f3 su infancia, y donde forj\u00f3 la amistad con Tuti, su amigo y compa\u00f1ero en Los Xavales. Creci\u00f3 en una [&hellip;]<\/p>\n","protected":false},"author":2,"featured_media":0,"parent":0,"menu_order":0,"comment_status":"closed","ping_status":"closed","template":"","meta":{"footnotes":""},"class_list":["post-21","page","type-page","status-publish","hentry"],"_links":{"self":[{"href":"https:\/\/javiertorres.fpcei.eu\/index.php?rest_route=\/wp\/v2\/pages\/21","targetHints":{"allow":["GET"]}}],"collection":[{"href":"https:\/\/javiertorres.fpcei.eu\/index.php?rest_route=\/wp\/v2\/pages"}],"about":[{"href":"https:\/\/javiertorres.fpcei.eu\/index.php?rest_route=\/wp\/v2\/types\/page"}],"author":[{"embeddable":true,"href":"https:\/\/javiertorres.fpcei.eu\/index.php?rest_route=\/wp\/v2\/users\/2"}],"replies":[{"embeddable":true,"href":"https:\/\/javiertorres.fpcei.eu\/index.php?rest_route=%2Fwp%2Fv2%2Fcomments&post=21"}],"version-history":[{"count":6,"href":"https:\/\/javiertorres.fpcei.eu\/index.php?rest_route=\/wp\/v2\/pages\/21\/revisions"}],"predecessor-version":[{"id":106,"href":"https:\/\/javiertorres.fpcei.eu\/index.php?rest_route=\/wp\/v2\/pages\/21\/revisions\/106"}],"wp:attachment":[{"href":"https:\/\/javiertorres.fpcei.eu\/index.php?rest_route=%2Fwp%2Fv2%2Fmedia&parent=21"}],"curies":[{"name":"wp","href":"https:\/\/api.w.org\/{rel}","templated":true}]}}